{"id":49458,"date":"2025-09-01T10:50:30","date_gmt":"2025-09-01T10:50:30","guid":{"rendered":"https:\/\/nz27.nl\/qualitaet\/"},"modified":"2025-12-12T16:07:27","modified_gmt":"2025-12-12T16:07:27","slug":"qualitaet","status":"publish","type":"page","link":"https:\/\/nz27.nl\/de\/qualitaet\/","title":{"rendered":"Qualit\u00e4t"},"content":{"rendered":"\t\t<div data-elementor-type=\"wp-page\" data-elementor-id=\"49458\" class=\"elementor elementor-49458 elementor-48525\">\n\t\t\t\t<div class=\"elementor-element elementor-element-272dace e-flex e-con-boxed cmsmasters-block-default e-con e-parent\" data-id=\"272dace\" data-element_type=\"container\" data-e-type=\"container\" data-settings=\"{&quot;background_background&quot;:&quot;video&quot;,&quot;background_video_link&quot;:&quot;https:\\\/\\\/nz27.nl\\\/wp-content\\\/uploads\\\/2025\\\/12\\\/DJI_20250902124139_0328_D_website.mp4&quot;,&quot;background_play_on_mobile&quot;:&quot;yes&quot;}\">\n\t\t\t\t\t<div class=\"e-con-inner\">\n\t\t<div class=\"elementor-background-video-container\">\n\t\t\t\t\t\t\t<video class=\"elementor-background-video-hosted\" role=\"presentation\" autoplay muted playsinline loop><\/video>\n\t\t\t\t\t<\/div><div class=\"elementor-element elementor-element-a279da7 e-con-full e-flex cmsmasters-block-default e-con e-child\" data-id=\"a279da7\" data-element_type=\"container\" data-e-type=\"container\">\n\t\t\t\t<div class=\"elementor-element elementor-element-03cd3f0 cmsmasters-block-default cmsmasters-sticky-default elementor-invisible elementor-widget elementor-widget-heading\" data-id=\"03cd3f0\" data-element_type=\"widget\" data-e-type=\"widget\" data-settings=\"{&quot;_animation&quot;:&quot;fadeInUp&quot;}\" data-widget_type=\"heading.default\">\n\t\t\t\t\t<h1 class=\"elementor-heading-title elementor-size-default\">Archiv<\/h1>\t\t\t\t<\/div>\n\t\t\t\t<div class=\"elementor-element elementor-element-ba0cac3 cmsmasters-block-default cmsmasters-sticky-default elementor-invisible elementor-widget elementor-widget-text-editor\" data-id=\"ba0cac3\" data-element_type=\"widget\" data-e-type=\"widget\" data-settings=\"{&quot;_animation&quot;:&quot;fadeIn&quot;,&quot;_animation_delay&quot;:150}\" data-widget_type=\"text-editor.default\">\n\t\t\t\t\t\t\t\t\t<p>Wir setzen uns daf\u00fcr ein, ein qualitativ hochwertiges Produkt mit R\u00fccksicht auf Mensch, Tier und Natur zu liefern. Daf\u00fcr stehen wir, denn Qualit\u00e4t ist mehr als nur ein Zertifikat. Wir sind zu 100 % biologisch und biodynamisch.   <\/p>\t\t\t\t\t\t\t\t<\/div>\n\t\t\t\t<\/div>\n\t\t\t\t\t<\/div>\n\t\t\t\t<\/div>\n\t\t<div class=\"elementor-element elementor-element-e0e08d6 e-flex e-con-boxed cmsmasters-block-default e-con e-parent\" data-id=\"e0e08d6\" data-element_type=\"container\" data-e-type=\"container\">\n\t\t\t\t\t<div class=\"e-con-inner\">\n\t\t<div class=\"elementor-element elementor-element-98c7e27 e-grid e-con-full cmsmasters-block-default e-con e-child\" data-id=\"98c7e27\" data-element_type=\"container\" data-e-type=\"container\">\n\t\t<a class=\"elementor-element elementor-element-753f91a e-con-full e-flex cmsmasters-block-default e-con e-child\" data-id=\"753f91a\" data-element_type=\"container\" data-e-type=\"container\" data-settings=\"{&quot;background_background&quot;:&quot;classic&quot;}\" href=\"https:\/\/nz27.nl\/wp-content\/uploads\/2025\/09\/20250905_NZ27_Demeter_1002_landbouwcertificaat.pdf\" target=\"_blank\">\n\t\t\t\t<div class=\"elementor-element elementor-element-8355bbe elementor-widget-mobile__width-inherit cmsmasters-block-default cmsmasters-sticky-default elementor-widget elementor-widget-image\" data-id=\"8355bbe\" data-element_type=\"widget\" data-e-type=\"widget\" data-widget_type=\"image.default\">\n\t\t\t\t\t\t\t\t\t\t\t\t\t\t\t<img decoding=\"async\" src=\"https:\/\/nz27.nl\/wp-content\/uploads\/elementor\/thumbs\/demeter-seeklogo-rb430un0mkxyn83r0vt60xq9bya5e51eo7zba0v4e8.png\" title=\"demeter-seeklogo\" alt=\"demeter-seeklogo\" loading=\"lazy\" \/>\t\t\t\t\t\t\t\t\t\t\t\t\t\t\t<\/div>\n\t\t\t\t<div class=\"elementor-element elementor-element-da7d75e cmsmasters-block-default cmsmasters-sticky-default elementor-widget elementor-widget-heading\" data-id=\"da7d75e\" data-element_type=\"widget\" data-e-type=\"widget\" data-widget_type=\"heading.default\">\n\t\t\t\t\t<h4 class=\"elementor-heading-title elementor-size-default\">DEMETER <\/h4>\t\t\t\t<\/div>\n\t\t\t\t<div class=\"elementor-element elementor-element-47814f7 elementor-widget__width-initial cmsmasters-block-default cmsmasters-sticky-default elementor-widget elementor-widget-text-editor\" data-id=\"47814f7\" data-element_type=\"widget\" data-e-type=\"widget\" data-widget_type=\"text-editor.default\">\n\t\t\t\t\t\t\t\t\t<p>Demeter ist das internationale Zertifikat f\u00fcr biodynamische Landwirtschaft und Lebensmittel. Es geh\u00f6rt zu Landwirten, H\u00e4ndlern und Verarbeitern, die biodynamische Landwirtschaftsmethoden anwenden und weiterentwickeln.  <\/p>\t\t\t\t\t\t\t\t<\/div>\n\t\t\t\t<\/a>\n\t\t<a class=\"elementor-element elementor-element-00cb381 e-con-full e-flex cmsmasters-block-default e-con e-child\" data-id=\"00cb381\" data-element_type=\"container\" data-e-type=\"container\" data-settings=\"{&quot;background_background&quot;:&quot;classic&quot;}\" href=\"https:\/\/nz27.nl\/wp-content\/uploads\/2025\/09\/20250830_NZ27_NL_BIO_2025-2026_01.528_0001976.2025.001-1.pdf\" target=\"_blank\">\n\t\t\t\t<div class=\"elementor-element elementor-element-7c4d77f elementor-widget-mobile__width-inherit cmsmasters-block-default cmsmasters-sticky-default elementor-widget elementor-widget-image\" data-id=\"7c4d77f\" data-element_type=\"widget\" data-e-type=\"widget\" data-widget_type=\"image.default\">\n\t\t\t\t\t\t\t\t\t\t\t\t\t\t\t<img decoding=\"async\" src=\"https:\/\/nz27.nl\/wp-content\/uploads\/elementor\/thumbs\/eu_bio-rb5xemh6byd28ytpfdjmtdw7ple6739u8i1iuriuww.webp\" title=\"eu_bio\" alt=\"eu_bio\" loading=\"lazy\" \/>\t\t\t\t\t\t\t\t\t\t\t\t\t\t\t<\/div>\n\t\t\t\t<div class=\"elementor-element elementor-element-50ed565 cmsmasters-block-default cmsmasters-sticky-default elementor-widget elementor-widget-heading\" data-id=\"50ed565\" data-element_type=\"widget\" data-e-type=\"widget\" data-widget_type=\"heading.default\">\n\t\t\t\t\t<h4 class=\"elementor-heading-title elementor-size-default\">BIOLOGISCH<\/h4>\t\t\t\t<\/div>\n\t\t\t\t<div class=\"elementor-element elementor-element-364c803 cmsmasters-block-default cmsmasters-sticky-default elementor-widget elementor-widget-text-editor\" data-id=\"364c803\" data-element_type=\"widget\" data-e-type=\"widget\" data-widget_type=\"text-editor.default\">\n\t\t\t\t\t\t\t\t\t<p>Skal Biocontrole ist eine unabh\u00e4ngige Organisation, die die biologische Kette in den Niederlanden \u00fcberwacht. Skal zertifiziert Unternehmen mit biologischen Aktivit\u00e4ten. <\/p>\t\t\t\t\t\t\t\t<\/div>\n\t\t\t\t<\/a>\n\t\t<a class=\"elementor-element elementor-element-9671209 e-con-full e-flex cmsmasters-block-default e-con e-child\" data-id=\"9671209\" data-element_type=\"container\" data-e-type=\"container\" data-settings=\"{&quot;background_background&quot;:&quot;classic&quot;}\" href=\"https:\/\/nz27.nl\/wp-content\/uploads\/2025\/09\/800962-GROW-2025-03.pdf\" target=\"_blank\">\n\t\t\t\t<div class=\"elementor-element elementor-element-92ca2ff elementor-widget-mobile__width-inherit cmsmasters-block-default cmsmasters-sticky-default elementor-widget elementor-widget-image\" data-id=\"92ca2ff\" data-element_type=\"widget\" data-e-type=\"widget\" data-widget_type=\"image.default\">\n\t\t\t\t\t\t\t\t\t\t\t\t\t\t\t<img decoding=\"async\" src=\"https:\/\/nz27.nl\/wp-content\/uploads\/elementor\/thumbs\/G_Icon_green_RGB-rb5xr5npgfip1smc8skk281gujmctt0zyj6l7kxvy8.png\" title=\"G_Icon_green_RGB\" alt=\"G_Icon_green_RGB\" loading=\"lazy\" \/>\t\t\t\t\t\t\t\t\t\t\t\t\t\t\t<\/div>\n\t\t\t\t<div class=\"elementor-element elementor-element-7e17006 cmsmasters-block-default cmsmasters-sticky-default elementor-widget elementor-widget-heading\" data-id=\"7e17006\" data-element_type=\"widget\" data-e-type=\"widget\" data-widget_type=\"heading.default\">\n\t\t\t\t\t<h4 class=\"elementor-heading-title elementor-size-default\">GLOBAL G.A.P.<\/h4>\t\t\t\t<\/div>\n\t\t\t\t<div class=\"elementor-element elementor-element-1feacf7 elementor-widget__width-initial cmsmasters-block-default cmsmasters-sticky-default elementor-widget elementor-widget-text-editor\" data-id=\"1feacf7\" data-element_type=\"widget\" data-e-type=\"widget\" data-widget_type=\"text-editor.default\">\n\t\t\t\t\t\t\t\t\t<p>Global G.A.P. ist ein international anerkanntes Zertifikat f\u00fcr landwirtschaftliche und gartenbauliche Unternehmen, das sich auf die Gew\u00e4hrleistung von Lebensmittelsicherheit, Qualit\u00e4t, Nachhaltigkeit und R\u00fcckverfolgbarkeit von Produkten vom Bauernhof bis zum Verbraucher konzentriert.<span class=\"pjBG2e\" data-cid=\"ace89c43-8828-4fc2-bd1f-710371776456\"><span class=\"UV3uM\"> <\/span><\/span><\/p>\t\t\t\t\t\t\t\t<\/div>\n\t\t\t\t<\/a>\n\t\t<div class=\"elementor-element elementor-element-9dc34e9 e-con-full e-flex cmsmasters-block-default e-con e-child\" data-id=\"9dc34e9\" data-element_type=\"container\" data-e-type=\"container\" data-settings=\"{&quot;background_background&quot;:&quot;classic&quot;}\">\n\t\t\t\t<div class=\"elementor-element elementor-element-45340c6 elementor-widget-mobile__width-inherit cmsmasters-block-default cmsmasters-sticky-default elementor-widget elementor-widget-image\" data-id=\"45340c6\" data-element_type=\"widget\" data-e-type=\"widget\" data-widget_type=\"image.default\">\n\t\t\t\t\t\t\t\t\t\t\t\t\t\t\t<img decoding=\"async\" src=\"https:\/\/nz27.nl\/wp-content\/uploads\/elementor\/thumbs\/qs_qualitaet_und_sicherheit_logo-rb5xzpyrq38qtw6i8hu6s28noxeqyj0ygx5umc8r9c.jpg\" title=\"qs_qualitaet_und_sicherheit_logo\" alt=\"qs_qualitaet_und_sicherheit_logo\" loading=\"lazy\" \/>\t\t\t\t\t\t\t\t\t\t\t\t\t\t\t<\/div>\n\t\t\t\t<div class=\"elementor-element elementor-element-0b3abfa cmsmasters-block-default cmsmasters-sticky-default elementor-widget elementor-widget-heading\" data-id=\"0b3abfa\" data-element_type=\"widget\" data-e-type=\"widget\" data-widget_type=\"heading.default\">\n\t\t\t\t\t<h4 class=\"elementor-heading-title elementor-size-default\">QS<\/h4>\t\t\t\t<\/div>\n\t\t\t\t<div class=\"elementor-element elementor-element-8941d78 cmsmasters-block-default cmsmasters-sticky-default elementor-widget elementor-widget-text-editor\" data-id=\"8941d78\" data-element_type=\"widget\" data-e-type=\"widget\" data-widget_type=\"text-editor.default\">\n\t\t\t\t\t\t\t\t\t<p>Das QS-Zertifikat steht f\u00fcr Lebensmittelsicherheit, Transparenz und R\u00fcckverfolgbarkeit in der gesamten Produktions- und Vertriebskette.<\/p>\t\t\t\t\t\t\t\t<\/div>\n\t\t\t\t<\/div>\n\t\t<div class=\"elementor-element elementor-element-b19153d e-con-full e-flex cmsmasters-block-default e-con e-child\" data-id=\"b19153d\" data-element_type=\"container\" data-e-type=\"container\" data-settings=\"{&quot;background_background&quot;:&quot;classic&quot;}\">\n\t\t\t\t<div class=\"elementor-element elementor-element-495d46c elementor-widget-mobile__width-inherit cmsmasters-block-default cmsmasters-sticky-default elementor-widget elementor-widget-image\" data-id=\"495d46c\" data-element_type=\"widget\" data-e-type=\"widget\" data-widget_type=\"image.default\">\n\t\t\t\t\t\t\t\t\t\t\t\t\t\t\t<img decoding=\"async\" src=\"https:\/\/nz27.nl\/wp-content\/uploads\/elementor\/thumbs\/logo-planetproof-rb5xfdqhu5edlnq407btbp0kxrnteba208ylrsefwg.webp\" title=\"logo-planetproof\" alt=\"logo-planetproof\" loading=\"lazy\" \/>\t\t\t\t\t\t\t\t\t\t\t\t\t\t\t<\/div>\n\t\t\t\t<div class=\"elementor-element elementor-element-72a34d1 cmsmasters-block-default cmsmasters-sticky-default elementor-widget elementor-widget-heading\" data-id=\"72a34d1\" data-element_type=\"widget\" data-e-type=\"widget\" data-widget_type=\"heading.default\">\n\t\t\t\t\t<h4 class=\"elementor-heading-title elementor-size-default\">PLANETPROOF<\/h4>\t\t\t\t<\/div>\n\t\t\t\t<div class=\"elementor-element elementor-element-3d8baa0 cmsmasters-block-default cmsmasters-sticky-default elementor-widget elementor-widget-text-editor\" data-id=\"3d8baa0\" data-element_type=\"widget\" data-e-type=\"widget\" data-widget_type=\"text-editor.default\">\n\t\t\t\t\t\t\t\t\t<p>Das unabh\u00e4ngige Zertifikat \u201eOn the way to PlanetProof\u201c zeigt, dass ein Produkt (oder eine Produktreihe) auf nachhaltigere Weise produziert wurde und daher besser f\u00fcr Natur, Klima und Tiere ist. <\/p>\t\t\t\t\t\t\t\t<\/div>\n\t\t\t\t<\/div>\n\t\t<a class=\"elementor-element elementor-element-1728d2c e-con-full e-flex cmsmasters-block-default e-con e-child\" data-id=\"1728d2c\" data-element_type=\"container\" data-e-type=\"container\" data-settings=\"{&quot;background_background&quot;:&quot;classic&quot;}\" href=\"https:\/\/nz27.nl\/wp-content\/uploads\/2025\/09\/20250724_NZ27_GRASP-v2-2025-2026-Certificaat_CU-800962.pdf\" target=\"_blank\">\n\t\t\t\t<div class=\"elementor-element elementor-element-c772db9 elementor-widget-mobile__width-inherit cmsmasters-block-default cmsmasters-sticky-default elementor-widget elementor-widget-image\" data-id=\"c772db9\" data-element_type=\"widget\" data-e-type=\"widget\" data-widget_type=\"image.default\">\n\t\t\t\t\t\t\t\t\t\t\t\t\t\t\t<img decoding=\"async\" src=\"https:\/\/nz27.nl\/wp-content\/uploads\/elementor\/thumbs\/GRASP-rbg340cbzqs69hd9toplsnacycvw9jxtz3vgml2qkg.png\" title=\"GRASP\" alt=\"GRASP\" loading=\"lazy\" \/>\t\t\t\t\t\t\t\t\t\t\t\t\t\t\t<\/div>\n\t\t\t\t<div class=\"elementor-element elementor-element-8d5a5eb elementor-widget__width-initial cmsmasters-block-default cmsmasters-sticky-default elementor-widget elementor-widget-heading\" data-id=\"8d5a5eb\" data-element_type=\"widget\" data-e-type=\"widget\" data-widget_type=\"heading.default\">\n\t\t\t\t\t<h4 class=\"elementor-heading-title elementor-size-default\">GLOBAL G.A.P. GRASP<\/h4>\t\t\t\t<\/div>\n\t\t\t\t<div class=\"elementor-element elementor-element-c79d2b1 cmsmasters-block-default cmsmasters-sticky-default elementor-widget elementor-widget-text-editor\" data-id=\"c79d2b1\" data-element_type=\"widget\" data-e-type=\"widget\" data-widget_type=\"text-editor.default\">\n\t\t\t\t\t\t\t\t\t<p>GRASP ist eine Risikobewertung der sozialen Aspekte eines Unternehmens. Dies umfasst das Wohlbefinden und das Verg\u00fctungsniveau der Mitarbeiter sowie Gesundheits- und Sicherheitsaspekte. <\/p>\t\t\t\t\t\t\t\t<\/div>\n\t\t\t\t<\/a>\n\t\t\t\t<\/div>\n\t\t\t\t\t<\/div>\n\t\t\t\t<\/div>\n\t\t<div class=\"elementor-element elementor-element-dd9e46c elementor-hidden-widescreen elementor-hidden-desktop elementor-hidden-tablet elementor-hidden-mobile e-flex e-con-boxed cmsmasters-block-default e-con e-parent\" data-id=\"dd9e46c\" data-element_type=\"container\" data-e-type=\"container\">\n\t\t\t\t\t<div class=\"e-con-inner\">\n\t\t<div class=\"elementor-element elementor-element-f8d6d24 e-con-full e-flex cmsmasters-bg-hide-none cmsmasters-bg-hide-none cmsmasters-block-default e-con e-child\" data-id=\"f8d6d24\" data-element_type=\"container\" data-e-type=\"container\" data-settings=\"{&quot;background_background&quot;:&quot;classic&quot;}\">\n\t\t\t\t<\/div>\n\t\t<div class=\"elementor-element elementor-element-22593d7 e-con-full e-flex cmsmasters-block-default e-con e-child\" data-id=\"22593d7\" data-element_type=\"container\" data-e-type=\"container\">\n\t\t\t\t<div class=\"elementor-element elementor-element-1c733af cmsmasters-block-default cmsmasters-sticky-default elementor-invisible elementor-widget elementor-widget-heading\" data-id=\"1c733af\" data-element_type=\"widget\" data-e-type=\"widget\" data-settings=\"{&quot;_animation&quot;:&quot;fadeInUp&quot;}\" data-widget_type=\"heading.default\">\n\t\t\t\t\t<h6 class=\"elementor-heading-title elementor-size-default\">Contact Us<\/h6>\t\t\t\t<\/div>\n\t\t\t\t<div class=\"elementor-element elementor-element-45244a0 cmsmasters-block-default cmsmasters-sticky-default elementor-invisible elementor-widget elementor-widget-heading\" data-id=\"45244a0\" data-element_type=\"widget\" data-e-type=\"widget\" data-settings=\"{&quot;_animation&quot;:&quot;fadeInUp&quot;}\" data-widget_type=\"heading.default\">\n\t\t\t\t\t<h3 class=\"elementor-heading-title elementor-size-default\">Half the Cost, Double the Growth \u2013 50% Off Now!<\/h3>\t\t\t\t<\/div>\n\t\t\t\t<div class=\"elementor-element elementor-element-a2930d8 cmsmasters-block-default cmsmasters-sticky-default elementor-invisible elementor-widget elementor-widget-text-editor\" data-id=\"a2930d8\" data-element_type=\"widget\" data-e-type=\"widget\" data-settings=\"{&quot;_animation&quot;:&quot;fadeInUp&quot;,&quot;_animation_delay&quot;:150}\" data-widget_type=\"text-editor.default\">\n\t\t\t\t\t\t\t\t\tWe blend innovation with proven agronomic knowledge to help your agribusiness thrive in a rapidly evolving landscape.\t\t\t\t\t\t\t\t<\/div>\n\t\t\t\t<div class=\"elementor-element elementor-element-5ece634 cmsmasters-block-default cmsmasters-sticky-default elementor-invisible elementor-widget elementor-widget-cmsmasters-button\" data-id=\"5ece634\" data-element_type=\"widget\" data-e-type=\"widget\" data-settings=\"{&quot;_animation&quot;:&quot;fadeInUp&quot;,&quot;_animation_delay&quot;:300}\" data-widget_type=\"cmsmasters-button.default\">\n\t\t\t\t\t<div class=\"elementor-widget-cmsmasters-button__button-container\"><div class=\"elementor-widget-cmsmasters-button__button-container-inner\"><a href=\"https:\/\/nz27.nl\/contact\/\" class=\"cmsmasters-button-link elementor-widget-cmsmasters-button__button cmsmasters-icon-view- cmsmasters-icon-shape- cmsmasters-button-size-sm elementor-animation-shrink\" role=\"button\" tabindex=\"0\"><span class=\"elementor-widget-cmsmasters-button__content-wrapper cmsmasters-align-icon-\"><span class=\"elementor-widget-cmsmasters-button__text\">Find Out More<\/span><\/span><\/a><\/div><\/div>\t\t\t\t<\/div>\n\t\t\t\t<\/div>\n\t\t\t\t\t<\/div>\n\t\t\t\t<\/div>\n\t\t\t\t<\/div>\n\t\t","protected":false},"excerpt":{"rendered":"<p>Wir setzen uns daf\u00fcr ein, ein qualitativ hochwertiges Produkt mit R\u00fccksicht auf Mensch, Tier und Natur zu liefern. Daf\u00fcr stehen wir, denn Qualit\u00e4t ist mehr als nur ein Zertifikat. Wir sind zu 100 % biologisch und biodynamisch. DEMETER Demeter ist das internationale Zertifikat f\u00fcr biodynamische Landwirtschaft und Lebensmittel. Es geh\u00f6rt zu Landwirten, H\u00e4ndlern und Verarbeitern,&#8230;<\/p>\n","protected":false},"author":1,"featured_media":0,"parent":0,"menu_order":0,"comment_status":"closed","ping_status":"closed","template":"","meta":{"_acf_changed":false,"footnotes":""},"class_list":["post-49458","page","type-page","status-publish","hentry"],"acf":[],"_links":{"self":[{"href":"https:\/\/nz27.nl\/de\/wp-json\/wp\/v2\/pages\/49458","targetHints":{"allow":["GET"]}}],"collection":[{"href":"https:\/\/nz27.nl\/de\/wp-json\/wp\/v2\/pages"}],"about":[{"href":"https:\/\/nz27.nl\/de\/wp-json\/wp\/v2\/types\/page"}],"author":[{"embeddable":true,"href":"https:\/\/nz27.nl\/de\/wp-json\/wp\/v2\/users\/1"}],"replies":[{"embeddable":true,"href":"https:\/\/nz27.nl\/de\/wp-json\/wp\/v2\/comments?post=49458"}],"version-history":[{"count":6,"href":"https:\/\/nz27.nl\/de\/wp-json\/wp\/v2\/pages\/49458\/revisions"}],"predecessor-version":[{"id":49578,"href":"https:\/\/nz27.nl\/de\/wp-json\/wp\/v2\/pages\/49458\/revisions\/49578"}],"wp:attachment":[{"href":"https:\/\/nz27.nl\/de\/wp-json\/wp\/v2\/media?parent=49458"}],"curies":[{"name":"wp","href":"https:\/\/api.w.org\/{rel}","templated":true}]}}